{"id":40,"date":"2024-03-05T15:06:46","date_gmt":"2024-03-05T15:06:46","guid":{"rendered":"https:\/\/der-loewen.de\/?page_id=40"},"modified":"2025-03-27T16:29:28","modified_gmt":"2025-03-27T15:29:28","slug":"about-us","status":"publish","type":"page","link":"https:\/\/der-loewen.de\/en\/about-us\/","title":{"rendered":"About us"},"content":{"rendered":"","protected":false},"excerpt":{"rendered":"","protected":false},"author":1,"featured_media":0,"parent":0,"menu_order":0,"comment_status":"closed","ping_status":"closed","template":"custom-about-us-template.php","meta":{"footnotes":""},"class_list":["post-40","page","type-page","status-publish","hentry"],"yoast_head":"<!-- This site is optimized with the Yoast SEO plugin v26.7 - https:\/\/yoast.com\/wordpress\/plugins\/seo\/ -->\n<title>About us - Hotel zum L\u00f6wen<\/title>\n<meta name=\"description\" content=\"Learn more about Hotel zum L\u00f6wen in Wei\u00dfenhorn. Discover our history, dedicated team, and philosophy of hospitality. Experience tradition and modern comfort in perfect harmony.\" \/>\n<meta name=\"robots\" content=\"index, follow, max-snippet:-1, max-image-preview:large, max-video-preview:-1\" \/>\n<link rel=\"canonical\" href=\"https:\/\/der-loewen.de\/en\/about-us\/\" \/>\n<meta property=\"og:locale\" content=\"en_US\" \/>\n<meta property=\"og:type\" content=\"article\" \/>\n<meta property=\"og:title\" content=\"About us - Hotel zum L\u00f6wen\" \/>\n<meta property=\"og:description\" content=\"Learn more about Hotel zum L\u00f6wen in Wei\u00dfenhorn. Discover our history, dedicated team, and philosophy of hospitality. Experience tradition and modern comfort in perfect harmony.\" \/>\n<meta property=\"og:url\" content=\"https:\/\/der-loewen.de\/en\/about-us\/\" \/>\n<meta property=\"og:site_name\" content=\"Hotel zum L\u00f6wen\" \/>\n<meta property=\"article:modified_time\" content=\"2025-03-27T15:29:28+00:00\" \/>\n<meta name=\"twitter:card\" content=\"summary_large_image\" \/>\n<script type=\"application\/ld+json\" class=\"yoast-schema-graph\">{\"@context\":\"https:\/\/schema.org\",\"@graph\":[{\"@type\":\"WebPage\",\"@id\":\"https:\/\/der-loewen.de\/en\/about-us\/\",\"url\":\"https:\/\/der-loewen.de\/en\/about-us\/\",\"name\":\"About us - Hotel zum L\u00f6wen\",\"isPartOf\":{\"@id\":\"https:\/\/der-loewen.de\/en\/#website\"},\"datePublished\":\"2024-03-05T15:06:46+00:00\",\"dateModified\":\"2025-03-27T15:29:28+00:00\",\"description\":\"Learn more about Hotel zum L\u00f6wen in Wei\u00dfenhorn. Discover our history, dedicated team, and philosophy of hospitality. Experience tradition and modern comfort in perfect harmony.\",\"breadcrumb\":{\"@id\":\"https:\/\/der-loewen.de\/en\/about-us\/#breadcrumb\"},\"inLanguage\":\"en-US\",\"potentialAction\":[{\"@type\":\"ReadAction\",\"target\":[\"https:\/\/der-loewen.de\/en\/about-us\/\"]}]},{\"@type\":\"BreadcrumbList\",\"@id\":\"https:\/\/der-loewen.de\/en\/about-us\/#breadcrumb\",\"itemListElement\":[{\"@type\":\"ListItem\",\"position\":1,\"name\":\"Home\",\"item\":\"https:\/\/der-loewen.de\/en\/\"},{\"@type\":\"ListItem\",\"position\":2,\"name\":\"About us\"}]},{\"@type\":\"WebSite\",\"@id\":\"https:\/\/der-loewen.de\/en\/#website\",\"url\":\"https:\/\/der-loewen.de\/en\/\",\"name\":\"Hotel zum L\u00f6wen\",\"description\":\"\",\"potentialAction\":[{\"@type\":\"SearchAction\",\"target\":{\"@type\":\"EntryPoint\",\"urlTemplate\":\"https:\/\/der-loewen.de\/en\/?s={search_term_string}\"},\"query-input\":{\"@type\":\"PropertyValueSpecification\",\"valueRequired\":true,\"valueName\":\"search_term_string\"}}],\"inLanguage\":\"en-US\"}]}<\/script>\n<!-- \/ Yoast SEO plugin. -->","yoast_head_json":{"title":"About us - Hotel zum L\u00f6wen","description":"Learn more about Hotel zum L\u00f6wen in Wei\u00dfenhorn. Discover our history, dedicated team, and philosophy of hospitality. Experience tradition and modern comfort in perfect harmony.","robots":{"index":"index","follow":"follow","max-snippet":"max-snippet:-1","max-image-preview":"max-image-preview:large","max-video-preview":"max-video-preview:-1"},"canonical":"https:\/\/der-loewen.de\/en\/about-us\/","og_locale":"en_US","og_type":"article","og_title":"About us - Hotel zum L\u00f6wen","og_description":"Learn more about Hotel zum L\u00f6wen in Wei\u00dfenhorn. Discover our history, dedicated team, and philosophy of hospitality. Experience tradition and modern comfort in perfect harmony.","og_url":"https:\/\/der-loewen.de\/en\/about-us\/","og_site_name":"Hotel zum L\u00f6wen","article_modified_time":"2025-03-27T15:29:28+00:00","twitter_card":"summary_large_image","schema":{"@context":"https:\/\/schema.org","@graph":[{"@type":"WebPage","@id":"https:\/\/der-loewen.de\/en\/about-us\/","url":"https:\/\/der-loewen.de\/en\/about-us\/","name":"About us - Hotel zum L\u00f6wen","isPartOf":{"@id":"https:\/\/der-loewen.de\/en\/#website"},"datePublished":"2024-03-05T15:06:46+00:00","dateModified":"2025-03-27T15:29:28+00:00","description":"Learn more about Hotel zum L\u00f6wen in Wei\u00dfenhorn. Discover our history, dedicated team, and philosophy of hospitality. Experience tradition and modern comfort in perfect harmony.","breadcrumb":{"@id":"https:\/\/der-loewen.de\/en\/about-us\/#breadcrumb"},"inLanguage":"en-US","potentialAction":[{"@type":"ReadAction","target":["https:\/\/der-loewen.de\/en\/about-us\/"]}]},{"@type":"BreadcrumbList","@id":"https:\/\/der-loewen.de\/en\/about-us\/#breadcrumb","itemListElement":[{"@type":"ListItem","position":1,"name":"Home","item":"https:\/\/der-loewen.de\/en\/"},{"@type":"ListItem","position":2,"name":"About us"}]},{"@type":"WebSite","@id":"https:\/\/der-loewen.de\/en\/#website","url":"https:\/\/der-loewen.de\/en\/","name":"Hotel zum L\u00f6wen","description":"","potentialAction":[{"@type":"SearchAction","target":{"@type":"EntryPoint","urlTemplate":"https:\/\/der-loewen.de\/en\/?s={search_term_string}"},"query-input":{"@type":"PropertyValueSpecification","valueRequired":true,"valueName":"search_term_string"}}],"inLanguage":"en-US"}]}},"_links":{"self":[{"href":"https:\/\/der-loewen.de\/en\/wp-json\/wp\/v2\/pages\/40","targetHints":{"allow":["GET"]}}],"collection":[{"href":"https:\/\/der-loewen.de\/en\/wp-json\/wp\/v2\/pages"}],"about":[{"href":"https:\/\/der-loewen.de\/en\/wp-json\/wp\/v2\/types\/page"}],"author":[{"embeddable":true,"href":"https:\/\/der-loewen.de\/en\/wp-json\/wp\/v2\/users\/1"}],"replies":[{"embeddable":true,"href":"https:\/\/der-loewen.de\/en\/wp-json\/wp\/v2\/comments?post=40"}],"version-history":[{"count":20,"href":"https:\/\/der-loewen.de\/en\/wp-json\/wp\/v2\/pages\/40\/revisions"}],"predecessor-version":[{"id":1792,"href":"https:\/\/der-loewen.de\/en\/wp-json\/wp\/v2\/pages\/40\/revisions\/1792"}],"wp:attachment":[{"href":"https:\/\/der-loewen.de\/en\/wp-json\/wp\/v2\/media?parent=40"}],"curies":[{"name":"wp","href":"https:\/\/api.w.org\/{rel}","templated":true}]}}