{"id":34,"date":"2024-03-04T12:36:41","date_gmt":"2024-03-04T12:36:41","guid":{"rendered":"https:\/\/der-loewen.de\/?page_id=34"},"modified":"2026-01-07T07:43:06","modified_gmt":"2026-01-07T06:43:06","slug":"rooms-apartments","status":"publish","type":"page","link":"https:\/\/der-loewen.de\/en\/rooms-apartments\/","title":{"rendered":"Rooms Apartments"},"content":{"rendered":"","protected":false},"excerpt":{"rendered":"","protected":false},"author":1,"featured_media":0,"parent":0,"menu_order":0,"comment_status":"closed","ping_status":"closed","template":"custom-rooms-apartment-template.php","meta":{"footnotes":""},"class_list":["post-34","page","type-page","status-publish","hentry"],"yoast_head":"<!-- This site is optimized with the Yoast SEO plugin v26.7 - https:\/\/yoast.com\/wordpress\/plugins\/seo\/ -->\n<title>Rooms Apartments - Hotel zum L\u00f6wen<\/title>\n<meta name=\"description\" content=\"Explore the comfortable rooms at Hotel zum L\u00f6wen in Wei\u00dfenhorn. Choose from a variety of room categories, all equipped with modern amenities. Book now and enjoy your stay.\" \/>\n<meta name=\"robots\" content=\"index, follow, max-snippet:-1, max-image-preview:large, max-video-preview:-1\" \/>\n<link rel=\"canonical\" href=\"https:\/\/der-loewen.de\/en\/rooms-apartments\/\" \/>\n<meta property=\"og:locale\" content=\"en_US\" \/>\n<meta property=\"og:type\" content=\"article\" \/>\n<meta property=\"og:title\" content=\"Rooms Apartments - Hotel zum L\u00f6wen\" \/>\n<meta property=\"og:description\" content=\"Explore the comfortable rooms at Hotel zum L\u00f6wen in Wei\u00dfenhorn. Choose from a variety of room categories, all equipped with modern amenities. Book now and enjoy your stay.\" \/>\n<meta property=\"og:url\" content=\"https:\/\/der-loewen.de\/en\/rooms-apartments\/\" \/>\n<meta property=\"og:site_name\" content=\"Hotel zum L\u00f6wen\" \/>\n<meta property=\"article:modified_time\" content=\"2026-01-07T06:43:06+00:00\" \/>\n<meta name=\"twitter:card\" content=\"summary_large_image\" \/>\n<script type=\"application\/ld+json\" class=\"yoast-schema-graph\">{\"@context\":\"https:\/\/schema.org\",\"@graph\":[{\"@type\":\"WebPage\",\"@id\":\"https:\/\/der-loewen.de\/en\/rooms-apartments\/\",\"url\":\"https:\/\/der-loewen.de\/en\/rooms-apartments\/\",\"name\":\"Rooms Apartments - Hotel zum L\u00f6wen\",\"isPartOf\":{\"@id\":\"https:\/\/der-loewen.de\/en\/#website\"},\"datePublished\":\"2024-03-04T12:36:41+00:00\",\"dateModified\":\"2026-01-07T06:43:06+00:00\",\"description\":\"Explore the comfortable rooms at Hotel zum L\u00f6wen in Wei\u00dfenhorn. Choose from a variety of room categories, all equipped with modern amenities. Book now and enjoy your stay.\",\"breadcrumb\":{\"@id\":\"https:\/\/der-loewen.de\/en\/rooms-apartments\/#breadcrumb\"},\"inLanguage\":\"en-US\",\"potentialAction\":[{\"@type\":\"ReadAction\",\"target\":[\"https:\/\/der-loewen.de\/en\/rooms-apartments\/\"]}]},{\"@type\":\"BreadcrumbList\",\"@id\":\"https:\/\/der-loewen.de\/en\/rooms-apartments\/#breadcrumb\",\"itemListElement\":[{\"@type\":\"ListItem\",\"position\":1,\"name\":\"Home\",\"item\":\"https:\/\/der-loewen.de\/en\/\"},{\"@type\":\"ListItem\",\"position\":2,\"name\":\"Rooms Apartments\"}]},{\"@type\":\"WebSite\",\"@id\":\"https:\/\/der-loewen.de\/en\/#website\",\"url\":\"https:\/\/der-loewen.de\/en\/\",\"name\":\"Hotel zum L\u00f6wen\",\"description\":\"\",\"potentialAction\":[{\"@type\":\"SearchAction\",\"target\":{\"@type\":\"EntryPoint\",\"urlTemplate\":\"https:\/\/der-loewen.de\/en\/?s={search_term_string}\"},\"query-input\":{\"@type\":\"PropertyValueSpecification\",\"valueRequired\":true,\"valueName\":\"search_term_string\"}}],\"inLanguage\":\"en-US\"}]}<\/script>\n<!-- \/ Yoast SEO plugin. -->","yoast_head_json":{"title":"Rooms Apartments - Hotel zum L\u00f6wen","description":"Explore the comfortable rooms at Hotel zum L\u00f6wen in Wei\u00dfenhorn. Choose from a variety of room categories, all equipped with modern amenities. Book now and enjoy your stay.","robots":{"index":"index","follow":"follow","max-snippet":"max-snippet:-1","max-image-preview":"max-image-preview:large","max-video-preview":"max-video-preview:-1"},"canonical":"https:\/\/der-loewen.de\/en\/rooms-apartments\/","og_locale":"en_US","og_type":"article","og_title":"Rooms Apartments - Hotel zum L\u00f6wen","og_description":"Explore the comfortable rooms at Hotel zum L\u00f6wen in Wei\u00dfenhorn. Choose from a variety of room categories, all equipped with modern amenities. Book now and enjoy your stay.","og_url":"https:\/\/der-loewen.de\/en\/rooms-apartments\/","og_site_name":"Hotel zum L\u00f6wen","article_modified_time":"2026-01-07T06:43:06+00:00","twitter_card":"summary_large_image","schema":{"@context":"https:\/\/schema.org","@graph":[{"@type":"WebPage","@id":"https:\/\/der-loewen.de\/en\/rooms-apartments\/","url":"https:\/\/der-loewen.de\/en\/rooms-apartments\/","name":"Rooms Apartments - Hotel zum L\u00f6wen","isPartOf":{"@id":"https:\/\/der-loewen.de\/en\/#website"},"datePublished":"2024-03-04T12:36:41+00:00","dateModified":"2026-01-07T06:43:06+00:00","description":"Explore the comfortable rooms at Hotel zum L\u00f6wen in Wei\u00dfenhorn. Choose from a variety of room categories, all equipped with modern amenities. Book now and enjoy your stay.","breadcrumb":{"@id":"https:\/\/der-loewen.de\/en\/rooms-apartments\/#breadcrumb"},"inLanguage":"en-US","potentialAction":[{"@type":"ReadAction","target":["https:\/\/der-loewen.de\/en\/rooms-apartments\/"]}]},{"@type":"BreadcrumbList","@id":"https:\/\/der-loewen.de\/en\/rooms-apartments\/#breadcrumb","itemListElement":[{"@type":"ListItem","position":1,"name":"Home","item":"https:\/\/der-loewen.de\/en\/"},{"@type":"ListItem","position":2,"name":"Rooms Apartments"}]},{"@type":"WebSite","@id":"https:\/\/der-loewen.de\/en\/#website","url":"https:\/\/der-loewen.de\/en\/","name":"Hotel zum L\u00f6wen","description":"","potentialAction":[{"@type":"SearchAction","target":{"@type":"EntryPoint","urlTemplate":"https:\/\/der-loewen.de\/en\/?s={search_term_string}"},"query-input":{"@type":"PropertyValueSpecification","valueRequired":true,"valueName":"search_term_string"}}],"inLanguage":"en-US"}]}},"_links":{"self":[{"href":"https:\/\/der-loewen.de\/en\/wp-json\/wp\/v2\/pages\/34","targetHints":{"allow":["GET"]}}],"collection":[{"href":"https:\/\/der-loewen.de\/en\/wp-json\/wp\/v2\/pages"}],"about":[{"href":"https:\/\/der-loewen.de\/en\/wp-json\/wp\/v2\/types\/page"}],"author":[{"embeddable":true,"href":"https:\/\/der-loewen.de\/en\/wp-json\/wp\/v2\/users\/1"}],"replies":[{"embeddable":true,"href":"https:\/\/der-loewen.de\/en\/wp-json\/wp\/v2\/comments?post=34"}],"version-history":[{"count":12,"href":"https:\/\/der-loewen.de\/en\/wp-json\/wp\/v2\/pages\/34\/revisions"}],"predecessor-version":[{"id":2022,"href":"https:\/\/der-loewen.de\/en\/wp-json\/wp\/v2\/pages\/34\/revisions\/2022"}],"wp:attachment":[{"href":"https:\/\/der-loewen.de\/en\/wp-json\/wp\/v2\/media?parent=34"}],"curies":[{"name":"wp","href":"https:\/\/api.w.org\/{rel}","templated":true}]}}