{"id":329,"date":"2024-04-09T11:49:04","date_gmt":"2024-04-09T09:49:04","guid":{"rendered":"https:\/\/der-loewen.de\/?page_id=329"},"modified":"2026-04-15T08:42:36","modified_gmt":"2026-04-15T06:42:36","slug":"imprint","status":"publish","type":"page","link":"https:\/\/der-loewen.de\/en\/imprint\/","title":{"rendered":"Imprint"},"content":{"rendered":"<div class=\"u-container-style u-layout-cell u-size-21 u-layout-cell-1\">\n<div class=\"u-container-layout u-valign-top u-container-layout-2\">\n<p class=\"u-text u-text-default u-text-3\"><strong>Information pursuant to \u00a7 5 TMG<\/strong><br \/>\nZum L\u00f6wen WH GmbH<br \/>\nMartin-Kuen-Strasse 5<br \/>\n89264 Wei\u00dfenhorn<br \/>\nGermany<\/p>\n<p><strong>Commercial register:<\/strong>\u00a0HRB 19395<br \/>\n<strong>Registration court:<\/strong>\u00a0Amtsgericht Memmingen<\/p>\n<p><strong>Represented by the managing directors:<\/strong><br \/>\nAlessandro Eustacchio &amp; Christina Simmnacher<\/p>\n<p><strong>Contact<\/strong><br \/>\nPhone: +49 7309 96 50-0<br \/>\nTelefax: +49 7309 96 50-37<br \/>\nE-mail:\u00a0<a class=\"u-active-none u-border-none u-btn u-button-link u-button-style u-hover-none u-none u-text-black u-text-hover-custom-color-1 u-btn-1\" href=\"mailto:info@der-loewen.de\">info@der-loewen.de<\/a><\/p>\n<p><strong>Supervisory authority<\/strong><br \/>\nLandratsamt Neu-Ulm<br \/>\nKantstrasse 8<br \/>\n89231 Neu-Ulm<br \/>\nGermany<\/p>\n<p><a class=\"u-active-none u-border-none u-btn u-button-link u-button-style u-hover-none u-none u-text-black u-text-hover-custom-color-1 u-btn-2\" href=\"http:\/\/www.landkreis.neu-ulm.de\/de\/aktuelle-mitteilungen.html\">http:\/\/www.landkreis.neu-ulm.de\/de\/aktuelle-mitteilungen.html<br \/>\n<\/a><br \/>\n<strong>Responsible for the content according to \u00a7 55(2) RStV<\/strong><br \/>\nAlessandro Eustacchio &amp; Christina Simmnacher<br \/>\nMartin-Kuen-Strasse 5<br \/>\n89264 Wei\u00dfenhorn<br \/>\nGermany<br \/>\n<span style=\"color: rgba(0, 0, 0, 0);\"><br \/>\n<\/span><\/p>\n<\/div>\n<\/div>\n<div class=\"u-container-style u-layout-cell u-size-39 u-layout-cell-2\">\n<div class=\"u-container-layout u-container-layout-3\">\n<p class=\"u-text u-text-default u-text-4\"><strong>EU dispute resolution<\/strong><br \/>\nThe European Commission provides a platform for online dispute resolution (ODR):\u00a0<a class=\"u-active-none u-border-none u-btn u-button-link u-button-style u-hover-none u-none u-text-black u-text-hover-custom-color-1 u-btn-4\" href=\"https:\/\/ec.europa.eu\/consumers\/odr\">https:\/\/ec.europa.eu\/consumers\/odr<\/a>.<br \/>\nOur e-mail address can be found above in the site notice.<\/p>\n<p>We are not willing or obliged to participate in dispute resolution proceedings before a consumer arbitration board.<\/p>\n<p><strong>Liability for Contents<\/strong><br \/>\nAs service providers, we are liable for own contents of these websites according to Sec. 7, paragraph 1 German Telemedia Act (TMG). However, according to Sec. 8 to 10 German Telemedia Act (TMG), service providers are not obligated to permanently monitor submitted or stored information or to search for evidences that indicate illegal activities.<\/p>\n<p>Legal obligations to removing information or to blocking the use of information remain unchallenged. In this case, liability is only possible at the time of knowledge about a specific violation of law. Illegal contents will be removed immediately at the time we get knowledge of them.<\/p>\n<p><strong>Liability for Links<\/strong><br \/>\nOur offer includes links to external third party websites. We have no influence on the contents of those websites, therefore we cannot guarantee for those contents. Providers or administrators of linked websites are always responsible for their own contents.<\/p>\n<p>The linked websites had been checked for possible violations of law at the time of the establishment of the link. Illegal contents were not detected at the time of the linking. A permanent monitoring of the contents of linked websites cannot be imposed without reasonable indications that there has been a violation of law. Illegal links will be removed immediately at the time we get knowledge of them.<\/p>\n<p><strong>Copyright<\/strong><br \/>\nContents and compilations published on these websites by the providers are subject to German copyright laws. Reproduction, editing, distribution as well as the use of any kind outside the scope of the copyright law require a written permission of the author or originator. Downloads and copies of these websites are permitted for private use only.<br \/>\nThe commercial use of our contents without permission of the originator is prohibited.<\/p>\n<p>Copyright laws of third parties are respected as long as the contents on these websites do not originate from the provider. Contributions of third parties on this site are indicated as such. However, if you notice any violations of copyright law, please inform us. Such contents will be removed immediately.<\/p>\n<\/div>\n<\/div>\n","protected":false},"excerpt":{"rendered":"<p>Information pursuant to \u00a7 5 TMG Zum L\u00f6wen WH GmbH Martin-Kuen-Strasse 5 89264 Wei\u00dfenhorn Germany Commercial register:\u00a0HRB 19395 Registration court:\u00a0Amtsgericht Memmingen Represented by the managing directors: Alessandro Eustacchio &amp; Christina Simmnacher Contact Phone: +49 7309 96 50-0 Telefax: +49 7309 96 50-37 E-mail:\u00a0info@der-loewen.de Supervisory authority Landratsamt Neu-Ulm Kantstrasse 8 89231 Neu-Ulm Germany http:\/\/www.landkreis.neu-ulm.de\/de\/aktuelle-mitteilungen.html Responsible for<a href=\"https:\/\/der-loewen.de\/en\/imprint\/\">Continue reading <span class=\"sr-only\">&#8220;Imprint&#8221;<\/span><\/a><\/p>\n","protected":false},"author":3,"featured_media":0,"parent":0,"menu_order":0,"comment_status":"closed","ping_status":"closed","template":"","meta":{"footnotes":""},"class_list":["post-329","page","type-page","status-publish","hentry"],"yoast_head":"<!-- This site is optimized with the Yoast SEO plugin v27.4 - https:\/\/yoast.com\/product\/yoast-seo-wordpress\/ -->\n<title>Imprint - Hotel zum L\u00f6wen<\/title>\n<meta name=\"description\" content=\"Find contact information and legal details for Hotel zum L\u00f6wen in Wei\u00dfenhorn. Explore our imprint to learn about our company, responsible parties, and legal disclosures.\" \/>\n<meta name=\"robots\" content=\"index, follow, max-snippet:-1, max-image-preview:large, max-video-preview:-1\" \/>\n<link rel=\"canonical\" href=\"https:\/\/der-loewen.de\/en\/imprint\/\" \/>\n<meta property=\"og:locale\" content=\"en_US\" \/>\n<meta property=\"og:type\" content=\"article\" \/>\n<meta property=\"og:title\" content=\"Imprint - Hotel zum L\u00f6wen\" \/>\n<meta property=\"og:description\" content=\"Find contact information and legal details for Hotel zum L\u00f6wen in Wei\u00dfenhorn. Explore our imprint to learn about our company, responsible parties, and legal disclosures.\" \/>\n<meta property=\"og:url\" content=\"https:\/\/der-loewen.de\/en\/imprint\/\" \/>\n<meta property=\"og:site_name\" content=\"Hotel zum L\u00f6wen\" \/>\n<meta property=\"article:modified_time\" content=\"2026-04-15T06:42:36+00:00\" \/>\n<meta name=\"twitter:card\" content=\"summary_large_image\" \/>\n<meta name=\"twitter:label1\" content=\"Est. reading time\" \/>\n\t<meta name=\"twitter:data1\" content=\"3 minutes\" \/>\n<script type=\"application\/ld+json\" class=\"yoast-schema-graph\">{\"@context\":\"https:\\\/\\\/schema.org\",\"@graph\":[{\"@type\":\"WebPage\",\"@id\":\"https:\\\/\\\/der-loewen.de\\\/en\\\/imprint\\\/\",\"url\":\"https:\\\/\\\/der-loewen.de\\\/en\\\/imprint\\\/\",\"name\":\"Imprint - Hotel zum L\u00f6wen\",\"isPartOf\":{\"@id\":\"https:\\\/\\\/der-loewen.de\\\/en\\\/#website\"},\"datePublished\":\"2024-04-09T09:49:04+00:00\",\"dateModified\":\"2026-04-15T06:42:36+00:00\",\"description\":\"Find contact information and legal details for Hotel zum L\u00f6wen in Wei\u00dfenhorn. Explore our imprint to learn about our company, responsible parties, and legal disclosures.\",\"breadcrumb\":{\"@id\":\"https:\\\/\\\/der-loewen.de\\\/en\\\/imprint\\\/#breadcrumb\"},\"inLanguage\":\"en-US\",\"potentialAction\":[{\"@type\":\"ReadAction\",\"target\":[\"https:\\\/\\\/der-loewen.de\\\/en\\\/imprint\\\/\"]}]},{\"@type\":\"BreadcrumbList\",\"@id\":\"https:\\\/\\\/der-loewen.de\\\/en\\\/imprint\\\/#breadcrumb\",\"itemListElement\":[{\"@type\":\"ListItem\",\"position\":1,\"name\":\"Home\",\"item\":\"https:\\\/\\\/der-loewen.de\\\/en\\\/\"},{\"@type\":\"ListItem\",\"position\":2,\"name\":\"Imprint\"}]},{\"@type\":\"WebSite\",\"@id\":\"https:\\\/\\\/der-loewen.de\\\/en\\\/#website\",\"url\":\"https:\\\/\\\/der-loewen.de\\\/en\\\/\",\"name\":\"Hotel zum L\u00f6wen\",\"description\":\"\",\"potentialAction\":[{\"@type\":\"SearchAction\",\"target\":{\"@type\":\"EntryPoint\",\"urlTemplate\":\"https:\\\/\\\/der-loewen.de\\\/en\\\/?s={search_term_string}\"},\"query-input\":{\"@type\":\"PropertyValueSpecification\",\"valueRequired\":true,\"valueName\":\"search_term_string\"}}],\"inLanguage\":\"en-US\"}]}<\/script>\n<!-- \/ Yoast SEO plugin. -->","yoast_head_json":{"title":"Imprint - Hotel zum L\u00f6wen","description":"Find contact information and legal details for Hotel zum L\u00f6wen in Wei\u00dfenhorn. Explore our imprint to learn about our company, responsible parties, and legal disclosures.","robots":{"index":"index","follow":"follow","max-snippet":"max-snippet:-1","max-image-preview":"max-image-preview:large","max-video-preview":"max-video-preview:-1"},"canonical":"https:\/\/der-loewen.de\/en\/imprint\/","og_locale":"en_US","og_type":"article","og_title":"Imprint - Hotel zum L\u00f6wen","og_description":"Find contact information and legal details for Hotel zum L\u00f6wen in Wei\u00dfenhorn. Explore our imprint to learn about our company, responsible parties, and legal disclosures.","og_url":"https:\/\/der-loewen.de\/en\/imprint\/","og_site_name":"Hotel zum L\u00f6wen","article_modified_time":"2026-04-15T06:42:36+00:00","twitter_card":"summary_large_image","twitter_misc":{"Est. reading time":"3 minutes"},"schema":{"@context":"https:\/\/schema.org","@graph":[{"@type":"WebPage","@id":"https:\/\/der-loewen.de\/en\/imprint\/","url":"https:\/\/der-loewen.de\/en\/imprint\/","name":"Imprint - Hotel zum L\u00f6wen","isPartOf":{"@id":"https:\/\/der-loewen.de\/en\/#website"},"datePublished":"2024-04-09T09:49:04+00:00","dateModified":"2026-04-15T06:42:36+00:00","description":"Find contact information and legal details for Hotel zum L\u00f6wen in Wei\u00dfenhorn. Explore our imprint to learn about our company, responsible parties, and legal disclosures.","breadcrumb":{"@id":"https:\/\/der-loewen.de\/en\/imprint\/#breadcrumb"},"inLanguage":"en-US","potentialAction":[{"@type":"ReadAction","target":["https:\/\/der-loewen.de\/en\/imprint\/"]}]},{"@type":"BreadcrumbList","@id":"https:\/\/der-loewen.de\/en\/imprint\/#breadcrumb","itemListElement":[{"@type":"ListItem","position":1,"name":"Home","item":"https:\/\/der-loewen.de\/en\/"},{"@type":"ListItem","position":2,"name":"Imprint"}]},{"@type":"WebSite","@id":"https:\/\/der-loewen.de\/en\/#website","url":"https:\/\/der-loewen.de\/en\/","name":"Hotel zum L\u00f6wen","description":"","potentialAction":[{"@type":"SearchAction","target":{"@type":"EntryPoint","urlTemplate":"https:\/\/der-loewen.de\/en\/?s={search_term_string}"},"query-input":{"@type":"PropertyValueSpecification","valueRequired":true,"valueName":"search_term_string"}}],"inLanguage":"en-US"}]}},"_links":{"self":[{"href":"https:\/\/der-loewen.de\/en\/wp-json\/wp\/v2\/pages\/329","targetHints":{"allow":["GET"]}}],"collection":[{"href":"https:\/\/der-loewen.de\/en\/wp-json\/wp\/v2\/pages"}],"about":[{"href":"https:\/\/der-loewen.de\/en\/wp-json\/wp\/v2\/types\/page"}],"author":[{"embeddable":true,"href":"https:\/\/der-loewen.de\/en\/wp-json\/wp\/v2\/users\/3"}],"replies":[{"embeddable":true,"href":"https:\/\/der-loewen.de\/en\/wp-json\/wp\/v2\/comments?post=329"}],"version-history":[{"count":3,"href":"https:\/\/der-loewen.de\/en\/wp-json\/wp\/v2\/pages\/329\/revisions"}],"predecessor-version":[{"id":2081,"href":"https:\/\/der-loewen.de\/en\/wp-json\/wp\/v2\/pages\/329\/revisions\/2081"}],"wp:attachment":[{"href":"https:\/\/der-loewen.de\/en\/wp-json\/wp\/v2\/media?parent=329"}],"curies":[{"name":"wp","href":"https:\/\/api.w.org\/{rel}","templated":true}]}}