{"id":1465,"date":"2024-03-04T12:36:41","date_gmt":"2024-03-04T11:36:41","guid":{"rendered":"https:\/\/der-loewen.de\/rooms-apartments\/"},"modified":"2026-01-07T07:50:30","modified_gmt":"2026-01-07T06:50:30","slug":"pokoje-apartmany","status":"publish","type":"page","link":"https:\/\/der-loewen.de\/cs\/pokoje-apartmany\/","title":{"rendered":"Pokoje Apartm\u00e1ny"},"content":{"rendered":"","protected":false},"excerpt":{"rendered":"","protected":false},"author":1,"featured_media":0,"parent":0,"menu_order":0,"comment_status":"closed","ping_status":"closed","template":"custom-rooms-apartment-template.php","meta":{"footnotes":""},"class_list":["post-1465","page","type-page","status-publish","hentry"],"yoast_head":"<!-- This site is optimized with the Yoast SEO plugin v27.4 - https:\/\/yoast.com\/product\/yoast-seo-wordpress\/ -->\n<title>Pokoje Apartm\u00e1ny - Hotel zum L\u00f6wen<\/title>\n<meta name=\"description\" content=\"Explore the comfortable rooms at Hotel zum L\u00f6wen in Wei\u00dfenhorn. Choose from a variety of room categories, all equipped with modern amenities. Book now and enjoy your stay.\" \/>\n<meta name=\"robots\" content=\"index, follow, max-snippet:-1, max-image-preview:large, max-video-preview:-1\" \/>\n<link rel=\"canonical\" href=\"https:\/\/der-loewen.de\/cs\/pokoje-apartmany\/\" \/>\n<meta property=\"og:locale\" content=\"cs_CZ\" \/>\n<meta property=\"og:type\" content=\"article\" \/>\n<meta property=\"og:title\" content=\"Pokoje Apartm\u00e1ny - Hotel zum L\u00f6wen\" \/>\n<meta property=\"og:description\" content=\"Explore the comfortable rooms at Hotel zum L\u00f6wen in Wei\u00dfenhorn. Choose from a variety of room categories, all equipped with modern amenities. Book now and enjoy your stay.\" \/>\n<meta property=\"og:url\" content=\"https:\/\/der-loewen.de\/cs\/pokoje-apartmany\/\" \/>\n<meta property=\"og:site_name\" content=\"Hotel zum L\u00f6wen\" \/>\n<meta property=\"article:modified_time\" content=\"2026-01-07T06:50:30+00:00\" \/>\n<meta name=\"twitter:card\" content=\"summary_large_image\" \/>\n<script type=\"application\/ld+json\" class=\"yoast-schema-graph\">{\"@context\":\"https:\\\/\\\/schema.org\",\"@graph\":[{\"@type\":\"WebPage\",\"@id\":\"https:\\\/\\\/der-loewen.de\\\/cs\\\/pokoje-apartmany\\\/\",\"url\":\"https:\\\/\\\/der-loewen.de\\\/cs\\\/pokoje-apartmany\\\/\",\"name\":\"Pokoje Apartm\u00e1ny - Hotel zum L\u00f6wen\",\"isPartOf\":{\"@id\":\"https:\\\/\\\/der-loewen.de\\\/cs\\\/#website\"},\"datePublished\":\"2024-03-04T11:36:41+00:00\",\"dateModified\":\"2026-01-07T06:50:30+00:00\",\"description\":\"Explore the comfortable rooms at Hotel zum L\u00f6wen in Wei\u00dfenhorn. Choose from a variety of room categories, all equipped with modern amenities. Book now and enjoy your stay.\",\"breadcrumb\":{\"@id\":\"https:\\\/\\\/der-loewen.de\\\/cs\\\/pokoje-apartmany\\\/#breadcrumb\"},\"inLanguage\":\"cs\",\"potentialAction\":[{\"@type\":\"ReadAction\",\"target\":[\"https:\\\/\\\/der-loewen.de\\\/cs\\\/pokoje-apartmany\\\/\"]}]},{\"@type\":\"BreadcrumbList\",\"@id\":\"https:\\\/\\\/der-loewen.de\\\/cs\\\/pokoje-apartmany\\\/#breadcrumb\",\"itemListElement\":[{\"@type\":\"ListItem\",\"position\":1,\"name\":\"Home\",\"item\":\"https:\\\/\\\/der-loewen.de\\\/cs\\\/\"},{\"@type\":\"ListItem\",\"position\":2,\"name\":\"Pokoje Apartm\u00e1ny\"}]},{\"@type\":\"WebSite\",\"@id\":\"https:\\\/\\\/der-loewen.de\\\/cs\\\/#website\",\"url\":\"https:\\\/\\\/der-loewen.de\\\/cs\\\/\",\"name\":\"Hotel zum L\u00f6wen\",\"description\":\"\",\"potentialAction\":[{\"@type\":\"SearchAction\",\"target\":{\"@type\":\"EntryPoint\",\"urlTemplate\":\"https:\\\/\\\/der-loewen.de\\\/cs\\\/?s={search_term_string}\"},\"query-input\":{\"@type\":\"PropertyValueSpecification\",\"valueRequired\":true,\"valueName\":\"search_term_string\"}}],\"inLanguage\":\"cs\"}]}<\/script>\n<!-- \/ Yoast SEO plugin. -->","yoast_head_json":{"title":"Pokoje Apartm\u00e1ny - Hotel zum L\u00f6wen","description":"Explore the comfortable rooms at Hotel zum L\u00f6wen in Wei\u00dfenhorn. Choose from a variety of room categories, all equipped with modern amenities. Book now and enjoy your stay.","robots":{"index":"index","follow":"follow","max-snippet":"max-snippet:-1","max-image-preview":"max-image-preview:large","max-video-preview":"max-video-preview:-1"},"canonical":"https:\/\/der-loewen.de\/cs\/pokoje-apartmany\/","og_locale":"cs_CZ","og_type":"article","og_title":"Pokoje Apartm\u00e1ny - Hotel zum L\u00f6wen","og_description":"Explore the comfortable rooms at Hotel zum L\u00f6wen in Wei\u00dfenhorn. Choose from a variety of room categories, all equipped with modern amenities. Book now and enjoy your stay.","og_url":"https:\/\/der-loewen.de\/cs\/pokoje-apartmany\/","og_site_name":"Hotel zum L\u00f6wen","article_modified_time":"2026-01-07T06:50:30+00:00","twitter_card":"summary_large_image","schema":{"@context":"https:\/\/schema.org","@graph":[{"@type":"WebPage","@id":"https:\/\/der-loewen.de\/cs\/pokoje-apartmany\/","url":"https:\/\/der-loewen.de\/cs\/pokoje-apartmany\/","name":"Pokoje Apartm\u00e1ny - Hotel zum L\u00f6wen","isPartOf":{"@id":"https:\/\/der-loewen.de\/cs\/#website"},"datePublished":"2024-03-04T11:36:41+00:00","dateModified":"2026-01-07T06:50:30+00:00","description":"Explore the comfortable rooms at Hotel zum L\u00f6wen in Wei\u00dfenhorn. Choose from a variety of room categories, all equipped with modern amenities. Book now and enjoy your stay.","breadcrumb":{"@id":"https:\/\/der-loewen.de\/cs\/pokoje-apartmany\/#breadcrumb"},"inLanguage":"cs","potentialAction":[{"@type":"ReadAction","target":["https:\/\/der-loewen.de\/cs\/pokoje-apartmany\/"]}]},{"@type":"BreadcrumbList","@id":"https:\/\/der-loewen.de\/cs\/pokoje-apartmany\/#breadcrumb","itemListElement":[{"@type":"ListItem","position":1,"name":"Home","item":"https:\/\/der-loewen.de\/cs\/"},{"@type":"ListItem","position":2,"name":"Pokoje Apartm\u00e1ny"}]},{"@type":"WebSite","@id":"https:\/\/der-loewen.de\/cs\/#website","url":"https:\/\/der-loewen.de\/cs\/","name":"Hotel zum L\u00f6wen","description":"","potentialAction":[{"@type":"SearchAction","target":{"@type":"EntryPoint","urlTemplate":"https:\/\/der-loewen.de\/cs\/?s={search_term_string}"},"query-input":{"@type":"PropertyValueSpecification","valueRequired":true,"valueName":"search_term_string"}}],"inLanguage":"cs"}]}},"_links":{"self":[{"href":"https:\/\/der-loewen.de\/cs\/wp-json\/wp\/v2\/pages\/1465","targetHints":{"allow":["GET"]}}],"collection":[{"href":"https:\/\/der-loewen.de\/cs\/wp-json\/wp\/v2\/pages"}],"about":[{"href":"https:\/\/der-loewen.de\/cs\/wp-json\/wp\/v2\/types\/page"}],"author":[{"embeddable":true,"href":"https:\/\/der-loewen.de\/cs\/wp-json\/wp\/v2\/users\/1"}],"replies":[{"embeddable":true,"href":"https:\/\/der-loewen.de\/cs\/wp-json\/wp\/v2\/comments?post=1465"}],"version-history":[{"count":10,"href":"https:\/\/der-loewen.de\/cs\/wp-json\/wp\/v2\/pages\/1465\/revisions"}],"predecessor-version":[{"id":2024,"href":"https:\/\/der-loewen.de\/cs\/wp-json\/wp\/v2\/pages\/1465\/revisions\/2024"}],"wp:attachment":[{"href":"https:\/\/der-loewen.de\/cs\/wp-json\/wp\/v2\/media?parent=1465"}],"curies":[{"name":"wp","href":"https:\/\/api.w.org\/{rel}","templated":true}]}}