{"id":1463,"date":"2024-03-04T14:40:23","date_gmt":"2024-03-04T13:40:23","guid":{"rendered":"https:\/\/der-loewen.de\/restaurant\/"},"modified":"2026-04-14T16:35:27","modified_gmt":"2026-04-14T14:35:27","slug":"restaurace","status":"publish","type":"page","link":"https:\/\/der-loewen.de\/cs\/restaurace\/","title":{"rendered":"Restaurace"},"content":{"rendered":"","protected":false},"excerpt":{"rendered":"","protected":false},"author":1,"featured_media":0,"parent":0,"menu_order":0,"comment_status":"closed","ping_status":"closed","template":"custom-restaurant-template.php","meta":{"footnotes":""},"class_list":["post-1463","page","type-page","status-publish","hentry"],"yoast_head":"<!-- This site is optimized with the Yoast SEO plugin v26.7 - https:\/\/yoast.com\/wordpress\/plugins\/seo\/ -->\n<title>Restaurace - Hotel zum L\u00f6wen<\/title>\n<meta name=\"description\" content=\"Indulge in culinary delights at the restaurant of Hotel zum L\u00f6wen in Wei\u00dfenhorn. Experience regional specialties, fine wines, and a cosy atmosphere. Reserve your table now and savour.\" \/>\n<meta name=\"robots\" content=\"index, follow, max-snippet:-1, max-image-preview:large, max-video-preview:-1\" \/>\n<link rel=\"canonical\" href=\"https:\/\/der-loewen.de\/cs\/restaurace\/\" \/>\n<meta property=\"og:locale\" content=\"cs_CZ\" \/>\n<meta property=\"og:type\" content=\"article\" \/>\n<meta property=\"og:title\" content=\"Restaurace - Hotel zum L\u00f6wen\" \/>\n<meta property=\"og:description\" content=\"Indulge in culinary delights at the restaurant of Hotel zum L\u00f6wen in Wei\u00dfenhorn. Experience regional specialties, fine wines, and a cosy atmosphere. Reserve your table now and savour.\" \/>\n<meta property=\"og:url\" content=\"https:\/\/der-loewen.de\/cs\/restaurace\/\" \/>\n<meta property=\"og:site_name\" content=\"Hotel zum L\u00f6wen\" \/>\n<meta property=\"article:modified_time\" content=\"2026-04-14T14:35:27+00:00\" \/>\n<meta name=\"twitter:card\" content=\"summary_large_image\" \/>\n<script type=\"application\/ld+json\" class=\"yoast-schema-graph\">{\"@context\":\"https:\/\/schema.org\",\"@graph\":[{\"@type\":\"WebPage\",\"@id\":\"https:\/\/der-loewen.de\/cs\/restaurace\/\",\"url\":\"https:\/\/der-loewen.de\/cs\/restaurace\/\",\"name\":\"Restaurace - Hotel zum L\u00f6wen\",\"isPartOf\":{\"@id\":\"https:\/\/der-loewen.de\/cs\/#website\"},\"datePublished\":\"2024-03-04T13:40:23+00:00\",\"dateModified\":\"2026-04-14T14:35:27+00:00\",\"description\":\"Indulge in culinary delights at the restaurant of Hotel zum L\u00f6wen in Wei\u00dfenhorn. Experience regional specialties, fine wines, and a cosy atmosphere. Reserve your table now and savour.\",\"breadcrumb\":{\"@id\":\"https:\/\/der-loewen.de\/cs\/restaurace\/#breadcrumb\"},\"inLanguage\":\"cs\",\"potentialAction\":[{\"@type\":\"ReadAction\",\"target\":[\"https:\/\/der-loewen.de\/cs\/restaurace\/\"]}]},{\"@type\":\"BreadcrumbList\",\"@id\":\"https:\/\/der-loewen.de\/cs\/restaurace\/#breadcrumb\",\"itemListElement\":[{\"@type\":\"ListItem\",\"position\":1,\"name\":\"Home\",\"item\":\"https:\/\/der-loewen.de\/cs\/\"},{\"@type\":\"ListItem\",\"position\":2,\"name\":\"Restaurace\"}]},{\"@type\":\"WebSite\",\"@id\":\"https:\/\/der-loewen.de\/cs\/#website\",\"url\":\"https:\/\/der-loewen.de\/cs\/\",\"name\":\"Hotel zum L\u00f6wen\",\"description\":\"\",\"potentialAction\":[{\"@type\":\"SearchAction\",\"target\":{\"@type\":\"EntryPoint\",\"urlTemplate\":\"https:\/\/der-loewen.de\/cs\/?s={search_term_string}\"},\"query-input\":{\"@type\":\"PropertyValueSpecification\",\"valueRequired\":true,\"valueName\":\"search_term_string\"}}],\"inLanguage\":\"cs\"}]}<\/script>\n<!-- \/ Yoast SEO plugin. -->","yoast_head_json":{"title":"Restaurace - Hotel zum L\u00f6wen","description":"Indulge in culinary delights at the restaurant of Hotel zum L\u00f6wen in Wei\u00dfenhorn. Experience regional specialties, fine wines, and a cosy atmosphere. Reserve your table now and savour.","robots":{"index":"index","follow":"follow","max-snippet":"max-snippet:-1","max-image-preview":"max-image-preview:large","max-video-preview":"max-video-preview:-1"},"canonical":"https:\/\/der-loewen.de\/cs\/restaurace\/","og_locale":"cs_CZ","og_type":"article","og_title":"Restaurace - Hotel zum L\u00f6wen","og_description":"Indulge in culinary delights at the restaurant of Hotel zum L\u00f6wen in Wei\u00dfenhorn. Experience regional specialties, fine wines, and a cosy atmosphere. Reserve your table now and savour.","og_url":"https:\/\/der-loewen.de\/cs\/restaurace\/","og_site_name":"Hotel zum L\u00f6wen","article_modified_time":"2026-04-14T14:35:27+00:00","twitter_card":"summary_large_image","schema":{"@context":"https:\/\/schema.org","@graph":[{"@type":"WebPage","@id":"https:\/\/der-loewen.de\/cs\/restaurace\/","url":"https:\/\/der-loewen.de\/cs\/restaurace\/","name":"Restaurace - Hotel zum L\u00f6wen","isPartOf":{"@id":"https:\/\/der-loewen.de\/cs\/#website"},"datePublished":"2024-03-04T13:40:23+00:00","dateModified":"2026-04-14T14:35:27+00:00","description":"Indulge in culinary delights at the restaurant of Hotel zum L\u00f6wen in Wei\u00dfenhorn. Experience regional specialties, fine wines, and a cosy atmosphere. Reserve your table now and savour.","breadcrumb":{"@id":"https:\/\/der-loewen.de\/cs\/restaurace\/#breadcrumb"},"inLanguage":"cs","potentialAction":[{"@type":"ReadAction","target":["https:\/\/der-loewen.de\/cs\/restaurace\/"]}]},{"@type":"BreadcrumbList","@id":"https:\/\/der-loewen.de\/cs\/restaurace\/#breadcrumb","itemListElement":[{"@type":"ListItem","position":1,"name":"Home","item":"https:\/\/der-loewen.de\/cs\/"},{"@type":"ListItem","position":2,"name":"Restaurace"}]},{"@type":"WebSite","@id":"https:\/\/der-loewen.de\/cs\/#website","url":"https:\/\/der-loewen.de\/cs\/","name":"Hotel zum L\u00f6wen","description":"","potentialAction":[{"@type":"SearchAction","target":{"@type":"EntryPoint","urlTemplate":"https:\/\/der-loewen.de\/cs\/?s={search_term_string}"},"query-input":{"@type":"PropertyValueSpecification","valueRequired":true,"valueName":"search_term_string"}}],"inLanguage":"cs"}]}},"_links":{"self":[{"href":"https:\/\/der-loewen.de\/cs\/wp-json\/wp\/v2\/pages\/1463","targetHints":{"allow":["GET"]}}],"collection":[{"href":"https:\/\/der-loewen.de\/cs\/wp-json\/wp\/v2\/pages"}],"about":[{"href":"https:\/\/der-loewen.de\/cs\/wp-json\/wp\/v2\/types\/page"}],"author":[{"embeddable":true,"href":"https:\/\/der-loewen.de\/cs\/wp-json\/wp\/v2\/users\/1"}],"replies":[{"embeddable":true,"href":"https:\/\/der-loewen.de\/cs\/wp-json\/wp\/v2\/comments?post=1463"}],"version-history":[{"count":24,"href":"https:\/\/der-loewen.de\/cs\/wp-json\/wp\/v2\/pages\/1463\/revisions"}],"predecessor-version":[{"id":2077,"href":"https:\/\/der-loewen.de\/cs\/wp-json\/wp\/v2\/pages\/1463\/revisions\/2077"}],"wp:attachment":[{"href":"https:\/\/der-loewen.de\/cs\/wp-json\/wp\/v2\/media?parent=1463"}],"curies":[{"name":"wp","href":"https:\/\/api.w.org\/{rel}","templated":true}]}}