{"id":1454,"date":"2024-03-07T06:11:47","date_gmt":"2024-03-07T05:11:47","guid":{"rendered":"https:\/\/der-loewen.de\/contact-us\/"},"modified":"2026-04-15T08:49:14","modified_gmt":"2026-04-15T06:49:14","slug":"kontaktujte-nas","status":"publish","type":"page","link":"https:\/\/der-loewen.de\/cs\/kontaktujte-nas\/","title":{"rendered":"Kontaktujte n\u00e1s"},"content":{"rendered":"","protected":false},"excerpt":{"rendered":"","protected":false},"author":1,"featured_media":0,"parent":0,"menu_order":0,"comment_status":"closed","ping_status":"closed","template":"custom-contact-us-template.php","meta":{"footnotes":""},"class_list":["post-1454","page","type-page","status-publish","hentry"],"yoast_head":"<!-- This site is optimized with the Yoast SEO plugin v27.4 - https:\/\/yoast.com\/product\/yoast-seo-wordpress\/ -->\n<title>Kontaktujte n\u00e1s - Hotel zum L\u00f6wen<\/title>\n<meta name=\"description\" content=\"Contact Hotel zum L\u00f6wen in Wei\u00dfenhorn for reservations and inquiries. We are here to assist you and look forward to hearing from you. Get in touch now!\" \/>\n<meta name=\"robots\" content=\"index, follow, max-snippet:-1, max-image-preview:large, max-video-preview:-1\" \/>\n<link rel=\"canonical\" href=\"https:\/\/der-loewen.de\/cs\/kontaktujte-nas\/\" \/>\n<meta property=\"og:locale\" content=\"cs_CZ\" \/>\n<meta property=\"og:type\" content=\"article\" \/>\n<meta property=\"og:title\" content=\"Kontaktujte n\u00e1s - Hotel zum L\u00f6wen\" \/>\n<meta property=\"og:description\" content=\"Contact Hotel zum L\u00f6wen in Wei\u00dfenhorn for reservations and inquiries. We are here to assist you and look forward to hearing from you. Get in touch now!\" \/>\n<meta property=\"og:url\" content=\"https:\/\/der-loewen.de\/cs\/kontaktujte-nas\/\" \/>\n<meta property=\"og:site_name\" content=\"Hotel zum L\u00f6wen\" \/>\n<meta property=\"article:modified_time\" content=\"2026-04-15T06:49:14+00:00\" \/>\n<meta name=\"twitter:card\" content=\"summary_large_image\" \/>\n<script type=\"application\/ld+json\" class=\"yoast-schema-graph\">{\"@context\":\"https:\\\/\\\/schema.org\",\"@graph\":[{\"@type\":\"WebPage\",\"@id\":\"https:\\\/\\\/der-loewen.de\\\/cs\\\/kontaktujte-nas\\\/\",\"url\":\"https:\\\/\\\/der-loewen.de\\\/cs\\\/kontaktujte-nas\\\/\",\"name\":\"Kontaktujte n\u00e1s - Hotel zum L\u00f6wen\",\"isPartOf\":{\"@id\":\"https:\\\/\\\/der-loewen.de\\\/cs\\\/#website\"},\"datePublished\":\"2024-03-07T05:11:47+00:00\",\"dateModified\":\"2026-04-15T06:49:14+00:00\",\"description\":\"Contact Hotel zum L\u00f6wen in Wei\u00dfenhorn for reservations and inquiries. We are here to assist you and look forward to hearing from you. Get in touch now!\",\"breadcrumb\":{\"@id\":\"https:\\\/\\\/der-loewen.de\\\/cs\\\/kontaktujte-nas\\\/#breadcrumb\"},\"inLanguage\":\"cs\",\"potentialAction\":[{\"@type\":\"ReadAction\",\"target\":[\"https:\\\/\\\/der-loewen.de\\\/cs\\\/kontaktujte-nas\\\/\"]}]},{\"@type\":\"BreadcrumbList\",\"@id\":\"https:\\\/\\\/der-loewen.de\\\/cs\\\/kontaktujte-nas\\\/#breadcrumb\",\"itemListElement\":[{\"@type\":\"ListItem\",\"position\":1,\"name\":\"Home\",\"item\":\"https:\\\/\\\/der-loewen.de\\\/cs\\\/\"},{\"@type\":\"ListItem\",\"position\":2,\"name\":\"Kontaktujte n\u00e1s\"}]},{\"@type\":\"WebSite\",\"@id\":\"https:\\\/\\\/der-loewen.de\\\/cs\\\/#website\",\"url\":\"https:\\\/\\\/der-loewen.de\\\/cs\\\/\",\"name\":\"Hotel zum L\u00f6wen\",\"description\":\"\",\"potentialAction\":[{\"@type\":\"SearchAction\",\"target\":{\"@type\":\"EntryPoint\",\"urlTemplate\":\"https:\\\/\\\/der-loewen.de\\\/cs\\\/?s={search_term_string}\"},\"query-input\":{\"@type\":\"PropertyValueSpecification\",\"valueRequired\":true,\"valueName\":\"search_term_string\"}}],\"inLanguage\":\"cs\"}]}<\/script>\n<!-- \/ Yoast SEO plugin. -->","yoast_head_json":{"title":"Kontaktujte n\u00e1s - Hotel zum L\u00f6wen","description":"Contact Hotel zum L\u00f6wen in Wei\u00dfenhorn for reservations and inquiries. We are here to assist you and look forward to hearing from you. Get in touch now!","robots":{"index":"index","follow":"follow","max-snippet":"max-snippet:-1","max-image-preview":"max-image-preview:large","max-video-preview":"max-video-preview:-1"},"canonical":"https:\/\/der-loewen.de\/cs\/kontaktujte-nas\/","og_locale":"cs_CZ","og_type":"article","og_title":"Kontaktujte n\u00e1s - Hotel zum L\u00f6wen","og_description":"Contact Hotel zum L\u00f6wen in Wei\u00dfenhorn for reservations and inquiries. We are here to assist you and look forward to hearing from you. Get in touch now!","og_url":"https:\/\/der-loewen.de\/cs\/kontaktujte-nas\/","og_site_name":"Hotel zum L\u00f6wen","article_modified_time":"2026-04-15T06:49:14+00:00","twitter_card":"summary_large_image","schema":{"@context":"https:\/\/schema.org","@graph":[{"@type":"WebPage","@id":"https:\/\/der-loewen.de\/cs\/kontaktujte-nas\/","url":"https:\/\/der-loewen.de\/cs\/kontaktujte-nas\/","name":"Kontaktujte n\u00e1s - Hotel zum L\u00f6wen","isPartOf":{"@id":"https:\/\/der-loewen.de\/cs\/#website"},"datePublished":"2024-03-07T05:11:47+00:00","dateModified":"2026-04-15T06:49:14+00:00","description":"Contact Hotel zum L\u00f6wen in Wei\u00dfenhorn for reservations and inquiries. We are here to assist you and look forward to hearing from you. Get in touch now!","breadcrumb":{"@id":"https:\/\/der-loewen.de\/cs\/kontaktujte-nas\/#breadcrumb"},"inLanguage":"cs","potentialAction":[{"@type":"ReadAction","target":["https:\/\/der-loewen.de\/cs\/kontaktujte-nas\/"]}]},{"@type":"BreadcrumbList","@id":"https:\/\/der-loewen.de\/cs\/kontaktujte-nas\/#breadcrumb","itemListElement":[{"@type":"ListItem","position":1,"name":"Home","item":"https:\/\/der-loewen.de\/cs\/"},{"@type":"ListItem","position":2,"name":"Kontaktujte n\u00e1s"}]},{"@type":"WebSite","@id":"https:\/\/der-loewen.de\/cs\/#website","url":"https:\/\/der-loewen.de\/cs\/","name":"Hotel zum L\u00f6wen","description":"","potentialAction":[{"@type":"SearchAction","target":{"@type":"EntryPoint","urlTemplate":"https:\/\/der-loewen.de\/cs\/?s={search_term_string}"},"query-input":{"@type":"PropertyValueSpecification","valueRequired":true,"valueName":"search_term_string"}}],"inLanguage":"cs"}]}},"_links":{"self":[{"href":"https:\/\/der-loewen.de\/cs\/wp-json\/wp\/v2\/pages\/1454","targetHints":{"allow":["GET"]}}],"collection":[{"href":"https:\/\/der-loewen.de\/cs\/wp-json\/wp\/v2\/pages"}],"about":[{"href":"https:\/\/der-loewen.de\/cs\/wp-json\/wp\/v2\/types\/page"}],"author":[{"embeddable":true,"href":"https:\/\/der-loewen.de\/cs\/wp-json\/wp\/v2\/users\/1"}],"replies":[{"embeddable":true,"href":"https:\/\/der-loewen.de\/cs\/wp-json\/wp\/v2\/comments?post=1454"}],"version-history":[{"count":8,"href":"https:\/\/der-loewen.de\/cs\/wp-json\/wp\/v2\/pages\/1454\/revisions"}],"predecessor-version":[{"id":2085,"href":"https:\/\/der-loewen.de\/cs\/wp-json\/wp\/v2\/pages\/1454\/revisions\/2085"}],"wp:attachment":[{"href":"https:\/\/der-loewen.de\/cs\/wp-json\/wp\/v2\/media?parent=1454"}],"curies":[{"name":"wp","href":"https:\/\/api.w.org\/{rel}","templated":true}]}}