{"id":1451,"date":"2024-03-08T09:07:31","date_gmt":"2024-03-08T08:07:31","guid":{"rendered":"https:\/\/der-loewen.de\/apartments\/"},"modified":"2026-01-07T09:16:16","modified_gmt":"2026-01-07T08:16:16","slug":"apartmany","status":"publish","type":"page","link":"https:\/\/der-loewen.de\/cs\/apartmany\/","title":{"rendered":"Apartm\u00e1ny"},"content":{"rendered":"","protected":false},"excerpt":{"rendered":"","protected":false},"author":1,"featured_media":1453,"parent":0,"menu_order":0,"comment_status":"closed","ping_status":"closed","template":"custom-apartments-template.php","meta":{"footnotes":""},"class_list":["post-1451","page","type-page","status-publish","has-post-thumbnail","hentry"],"yoast_head":"<!-- This site is optimized with the Yoast SEO plugin v26.7 - https:\/\/yoast.com\/wordpress\/plugins\/seo\/ -->\n<title>Apartm\u00e1ny - Hotel zum L\u00f6wen<\/title>\n<meta name=\"description\" content=\"Discover the newly renovated apartments at Hotel zum L\u00f6wen in Wei\u00dfenhorn. Enjoy modern comfort, stylish d\u00e9cor, and a cosy atmosphere. Book now and feel at home.\" \/>\n<meta name=\"robots\" content=\"index, follow, max-snippet:-1, max-image-preview:large, max-video-preview:-1\" \/>\n<link rel=\"canonical\" href=\"https:\/\/der-loewen.de\/cs\/apartmany\/\" \/>\n<meta property=\"og:locale\" content=\"cs_CZ\" \/>\n<meta property=\"og:type\" content=\"article\" \/>\n<meta property=\"og:title\" content=\"Apartm\u00e1ny - Hotel zum L\u00f6wen\" \/>\n<meta property=\"og:description\" content=\"Discover the newly renovated apartments at Hotel zum L\u00f6wen in Wei\u00dfenhorn. Enjoy modern comfort, stylish d\u00e9cor, and a cosy atmosphere. Book now and feel at home.\" \/>\n<meta property=\"og:url\" content=\"https:\/\/der-loewen.de\/cs\/apartmany\/\" \/>\n<meta property=\"og:site_name\" content=\"Hotel zum L\u00f6wen\" \/>\n<meta property=\"article:modified_time\" content=\"2026-01-07T08:16:16+00:00\" \/>\n<meta property=\"og:image\" content=\"https:\/\/der-loewen.de\/wp-content\/uploads\/2024\/03\/apartment-room-images-5.webp\" \/>\n\t<meta property=\"og:image:width\" content=\"319\" \/>\n\t<meta property=\"og:image:height\" content=\"574\" \/>\n\t<meta property=\"og:image:type\" content=\"image\/webp\" \/>\n<meta name=\"twitter:card\" content=\"summary_large_image\" \/>\n<meta name=\"twitter:label1\" content=\"Odhadovan\u00e1 doba \u010dten\u00ed\" \/>\n\t<meta name=\"twitter:data1\" content=\"1 minuta\" \/>\n<script type=\"application\/ld+json\" class=\"yoast-schema-graph\">{\"@context\":\"https:\/\/schema.org\",\"@graph\":[{\"@type\":\"WebPage\",\"@id\":\"https:\/\/der-loewen.de\/cs\/apartmany\/\",\"url\":\"https:\/\/der-loewen.de\/cs\/apartmany\/\",\"name\":\"Apartm\u00e1ny - Hotel zum L\u00f6wen\",\"isPartOf\":{\"@id\":\"https:\/\/der-loewen.de\/cs\/#website\"},\"primaryImageOfPage\":{\"@id\":\"https:\/\/der-loewen.de\/cs\/apartmany\/#primaryimage\"},\"image\":{\"@id\":\"https:\/\/der-loewen.de\/cs\/apartmany\/#primaryimage\"},\"thumbnailUrl\":\"https:\/\/der-loewen.de\/wp-content\/uploads\/2024\/03\/apartment-room-images-5.webp\",\"datePublished\":\"2024-03-08T08:07:31+00:00\",\"dateModified\":\"2026-01-07T08:16:16+00:00\",\"description\":\"Discover the newly renovated apartments at Hotel zum L\u00f6wen in Wei\u00dfenhorn. Enjoy modern comfort, stylish d\u00e9cor, and a cosy atmosphere. Book now and feel at home.\",\"breadcrumb\":{\"@id\":\"https:\/\/der-loewen.de\/cs\/apartmany\/#breadcrumb\"},\"inLanguage\":\"cs\",\"potentialAction\":[{\"@type\":\"ReadAction\",\"target\":[\"https:\/\/der-loewen.de\/cs\/apartmany\/\"]}]},{\"@type\":\"ImageObject\",\"inLanguage\":\"cs\",\"@id\":\"https:\/\/der-loewen.de\/cs\/apartmany\/#primaryimage\",\"url\":\"https:\/\/der-loewen.de\/wp-content\/uploads\/2024\/03\/apartment-room-images-5.webp\",\"contentUrl\":\"https:\/\/der-loewen.de\/wp-content\/uploads\/2024\/03\/apartment-room-images-5.webp\",\"width\":319,\"height\":574},{\"@type\":\"BreadcrumbList\",\"@id\":\"https:\/\/der-loewen.de\/cs\/apartmany\/#breadcrumb\",\"itemListElement\":[{\"@type\":\"ListItem\",\"position\":1,\"name\":\"Home\",\"item\":\"https:\/\/der-loewen.de\/cs\/\"},{\"@type\":\"ListItem\",\"position\":2,\"name\":\"Apartm\u00e1ny\"}]},{\"@type\":\"WebSite\",\"@id\":\"https:\/\/der-loewen.de\/cs\/#website\",\"url\":\"https:\/\/der-loewen.de\/cs\/\",\"name\":\"Hotel zum L\u00f6wen\",\"description\":\"\",\"potentialAction\":[{\"@type\":\"SearchAction\",\"target\":{\"@type\":\"EntryPoint\",\"urlTemplate\":\"https:\/\/der-loewen.de\/cs\/?s={search_term_string}\"},\"query-input\":{\"@type\":\"PropertyValueSpecification\",\"valueRequired\":true,\"valueName\":\"search_term_string\"}}],\"inLanguage\":\"cs\"}]}<\/script>\n<!-- \/ Yoast SEO plugin. -->","yoast_head_json":{"title":"Apartm\u00e1ny - Hotel zum L\u00f6wen","description":"Discover the newly renovated apartments at Hotel zum L\u00f6wen in Wei\u00dfenhorn. Enjoy modern comfort, stylish d\u00e9cor, and a cosy atmosphere. Book now and feel at home.","robots":{"index":"index","follow":"follow","max-snippet":"max-snippet:-1","max-image-preview":"max-image-preview:large","max-video-preview":"max-video-preview:-1"},"canonical":"https:\/\/der-loewen.de\/cs\/apartmany\/","og_locale":"cs_CZ","og_type":"article","og_title":"Apartm\u00e1ny - Hotel zum L\u00f6wen","og_description":"Discover the newly renovated apartments at Hotel zum L\u00f6wen in Wei\u00dfenhorn. Enjoy modern comfort, stylish d\u00e9cor, and a cosy atmosphere. Book now and feel at home.","og_url":"https:\/\/der-loewen.de\/cs\/apartmany\/","og_site_name":"Hotel zum L\u00f6wen","article_modified_time":"2026-01-07T08:16:16+00:00","og_image":[{"width":319,"height":574,"url":"https:\/\/der-loewen.de\/wp-content\/uploads\/2024\/03\/apartment-room-images-5.webp","type":"image\/webp"}],"twitter_card":"summary_large_image","twitter_misc":{"Odhadovan\u00e1 doba \u010dten\u00ed":"1 minuta"},"schema":{"@context":"https:\/\/schema.org","@graph":[{"@type":"WebPage","@id":"https:\/\/der-loewen.de\/cs\/apartmany\/","url":"https:\/\/der-loewen.de\/cs\/apartmany\/","name":"Apartm\u00e1ny - Hotel zum L\u00f6wen","isPartOf":{"@id":"https:\/\/der-loewen.de\/cs\/#website"},"primaryImageOfPage":{"@id":"https:\/\/der-loewen.de\/cs\/apartmany\/#primaryimage"},"image":{"@id":"https:\/\/der-loewen.de\/cs\/apartmany\/#primaryimage"},"thumbnailUrl":"https:\/\/der-loewen.de\/wp-content\/uploads\/2024\/03\/apartment-room-images-5.webp","datePublished":"2024-03-08T08:07:31+00:00","dateModified":"2026-01-07T08:16:16+00:00","description":"Discover the newly renovated apartments at Hotel zum L\u00f6wen in Wei\u00dfenhorn. Enjoy modern comfort, stylish d\u00e9cor, and a cosy atmosphere. Book now and feel at home.","breadcrumb":{"@id":"https:\/\/der-loewen.de\/cs\/apartmany\/#breadcrumb"},"inLanguage":"cs","potentialAction":[{"@type":"ReadAction","target":["https:\/\/der-loewen.de\/cs\/apartmany\/"]}]},{"@type":"ImageObject","inLanguage":"cs","@id":"https:\/\/der-loewen.de\/cs\/apartmany\/#primaryimage","url":"https:\/\/der-loewen.de\/wp-content\/uploads\/2024\/03\/apartment-room-images-5.webp","contentUrl":"https:\/\/der-loewen.de\/wp-content\/uploads\/2024\/03\/apartment-room-images-5.webp","width":319,"height":574},{"@type":"BreadcrumbList","@id":"https:\/\/der-loewen.de\/cs\/apartmany\/#breadcrumb","itemListElement":[{"@type":"ListItem","position":1,"name":"Home","item":"https:\/\/der-loewen.de\/cs\/"},{"@type":"ListItem","position":2,"name":"Apartm\u00e1ny"}]},{"@type":"WebSite","@id":"https:\/\/der-loewen.de\/cs\/#website","url":"https:\/\/der-loewen.de\/cs\/","name":"Hotel zum L\u00f6wen","description":"","potentialAction":[{"@type":"SearchAction","target":{"@type":"EntryPoint","urlTemplate":"https:\/\/der-loewen.de\/cs\/?s={search_term_string}"},"query-input":{"@type":"PropertyValueSpecification","valueRequired":true,"valueName":"search_term_string"}}],"inLanguage":"cs"}]}},"_links":{"self":[{"href":"https:\/\/der-loewen.de\/cs\/wp-json\/wp\/v2\/pages\/1451","targetHints":{"allow":["GET"]}}],"collection":[{"href":"https:\/\/der-loewen.de\/cs\/wp-json\/wp\/v2\/pages"}],"about":[{"href":"https:\/\/der-loewen.de\/cs\/wp-json\/wp\/v2\/types\/page"}],"author":[{"embeddable":true,"href":"https:\/\/der-loewen.de\/cs\/wp-json\/wp\/v2\/users\/1"}],"replies":[{"embeddable":true,"href":"https:\/\/der-loewen.de\/cs\/wp-json\/wp\/v2\/comments?post=1451"}],"version-history":[{"count":6,"href":"https:\/\/der-loewen.de\/cs\/wp-json\/wp\/v2\/pages\/1451\/revisions"}],"predecessor-version":[{"id":2030,"href":"https:\/\/der-loewen.de\/cs\/wp-json\/wp\/v2\/pages\/1451\/revisions\/2030"}],"wp:featuredmedia":[{"embeddable":true,"href":"https:\/\/der-loewen.de\/cs\/wp-json\/wp\/v2\/media\/1453"}],"wp:attachment":[{"href":"https:\/\/der-loewen.de\/cs\/wp-json\/wp\/v2\/media?parent=1451"}],"curies":[{"name":"wp","href":"https:\/\/api.w.org\/{rel}","templated":true}]}}